{"id":2,"date":"2014-04-14T14:29:09","date_gmt":"2014-04-14T12:29:09","guid":{"rendered":"https:\/\/www.gate-away.com\/blogs\/sv\/?page_id=2"},"modified":"2023-09-04T10:02:19","modified_gmt":"2023-09-04T08:02:19","slug":"home","status":"publish","type":"page","link":"https:\/\/se.gate-away.com\/blog\/","title":{"rendered":"Home"},"content":{"rendered":"","protected":false},"excerpt":{"rendered":"","protected":false},"author":1,"featured_media":0,"parent":0,"menu_order":0,"comment_status":"closed","ping_status":"closed","template":"","meta":{"_acf_changed":false,"footnotes":""},"class_list":["post-2","page","type-page","status-publish","hentry"],"acf":[],"yoast_head":"<!-- This site is optimized with the Yoast SEO plugin v27.3 - https:\/\/yoast.com\/product\/yoast-seo-wordpress\/ -->\n<title>Gate-away.com blogg - Den italienska fastighetsbloggen<\/title>\n<meta name=\"description\" content=\"Expertguider, artiklar och nyheter om Italien och dess fastighetsmarknad som hj\u00e4lper dig att g\u00f6ra processen med att k\u00f6pa hus och flytta till Italien s\u00e5 smidig som m\u00f6jligt.\" \/>\n<meta name=\"robots\" content=\"index, follow, max-snippet:-1, max-image-preview:large, max-video-preview:-1\" \/>\n<link rel=\"canonical\" href=\"https:\/\/se.gate-away.com\/blog\/\" \/>\n<meta property=\"og:locale\" content=\"sv_SE\" \/>\n<meta property=\"og:type\" content=\"article\" \/>\n<meta property=\"og:title\" content=\"Gate-away.com blogg - Den italienska fastighetsbloggen\" \/>\n<meta property=\"og:description\" content=\"Expertguider, artiklar och nyheter om Italien och dess fastighetsmarknad som hj\u00e4lper dig att g\u00f6ra processen med att k\u00f6pa hus och flytta till Italien s\u00e5 smidig som m\u00f6jligt.\" \/>\n<meta property=\"og:url\" content=\"https:\/\/se.gate-away.com\/blog\/\" \/>\n<meta property=\"og:site_name\" content=\"Gate-away.com blogg\" \/>\n<meta property=\"article:publisher\" content=\"https:\/\/www.facebook.com\/GateAway\/\" \/>\n<meta property=\"article:modified_time\" content=\"2023-09-04T08:02:19+00:00\" \/>\n<script type=\"application\/ld+json\" class=\"yoast-schema-graph\">{\"@context\":\"https:\\\/\\\/schema.org\",\"@graph\":[{\"@type\":\"WebPage\",\"@id\":\"https:\\\/\\\/se.gate-away.com\\\/blog\\\/\",\"url\":\"https:\\\/\\\/se.gate-away.com\\\/blog\\\/\",\"name\":\"Gate-away.com blogg - Den italienska fastighetsbloggen\",\"isPartOf\":{\"@id\":\"https:\\\/\\\/se.gate-away.com\\\/blog\\\/#website\"},\"datePublished\":\"2014-04-14T12:29:09+00:00\",\"dateModified\":\"2023-09-04T08:02:19+00:00\",\"description\":\"Expertguider, artiklar och nyheter om Italien och dess fastighetsmarknad som hj\u00e4lper dig att g\u00f6ra processen med att k\u00f6pa hus och flytta till Italien s\u00e5 smidig som m\u00f6jligt.\",\"breadcrumb\":{\"@id\":\"https:\\\/\\\/se.gate-away.com\\\/blog\\\/#breadcrumb\"},\"inLanguage\":\"sv-SE\",\"potentialAction\":[{\"@type\":\"ReadAction\",\"target\":[\"https:\\\/\\\/se.gate-away.com\\\/blog\\\/\"]}]},{\"@type\":\"BreadcrumbList\",\"@id\":\"https:\\\/\\\/se.gate-away.com\\\/blog\\\/#breadcrumb\",\"itemListElement\":[{\"@type\":\"ListItem\",\"position\":1,\"name\":\"Hem\",\"item\":\"https:\\\/\\\/se.gate-away.com\\\/blog\\\/\"},{\"@type\":\"ListItem\",\"position\":2,\"name\":\"Home\"}]},{\"@type\":\"WebSite\",\"@id\":\"https:\\\/\\\/se.gate-away.com\\\/blog\\\/#website\",\"url\":\"https:\\\/\\\/se.gate-away.com\\\/blog\\\/\",\"name\":\"Gate-away.com blogg\",\"description\":\"Den italienska fastighetsbloggen\",\"potentialAction\":[{\"@type\":\"SearchAction\",\"target\":{\"@type\":\"EntryPoint\",\"urlTemplate\":\"https:\\\/\\\/se.gate-away.com\\\/blog\\\/?s={search_term_string}\"},\"query-input\":{\"@type\":\"PropertyValueSpecification\",\"valueRequired\":true,\"valueName\":\"search_term_string\"}}],\"inLanguage\":\"sv-SE\"}]}<\/script>\n<!-- \/ Yoast SEO plugin. -->","yoast_head_json":{"title":"Gate-away.com blogg - Den italienska fastighetsbloggen","description":"Expertguider, artiklar och nyheter om Italien och dess fastighetsmarknad som hj\u00e4lper dig att g\u00f6ra processen med att k\u00f6pa hus och flytta till Italien s\u00e5 smidig som m\u00f6jligt.","robots":{"index":"index","follow":"follow","max-snippet":"max-snippet:-1","max-image-preview":"max-image-preview:large","max-video-preview":"max-video-preview:-1"},"canonical":"https:\/\/se.gate-away.com\/blog\/","og_locale":"sv_SE","og_type":"article","og_title":"Gate-away.com blogg - Den italienska fastighetsbloggen","og_description":"Expertguider, artiklar och nyheter om Italien och dess fastighetsmarknad som hj\u00e4lper dig att g\u00f6ra processen med att k\u00f6pa hus och flytta till Italien s\u00e5 smidig som m\u00f6jligt.","og_url":"https:\/\/se.gate-away.com\/blog\/","og_site_name":"Gate-away.com blogg","article_publisher":"https:\/\/www.facebook.com\/GateAway\/","article_modified_time":"2023-09-04T08:02:19+00:00","schema":{"@context":"https:\/\/schema.org","@graph":[{"@type":"WebPage","@id":"https:\/\/se.gate-away.com\/blog\/","url":"https:\/\/se.gate-away.com\/blog\/","name":"Gate-away.com blogg - Den italienska fastighetsbloggen","isPartOf":{"@id":"https:\/\/se.gate-away.com\/blog\/#website"},"datePublished":"2014-04-14T12:29:09+00:00","dateModified":"2023-09-04T08:02:19+00:00","description":"Expertguider, artiklar och nyheter om Italien och dess fastighetsmarknad som hj\u00e4lper dig att g\u00f6ra processen med att k\u00f6pa hus och flytta till Italien s\u00e5 smidig som m\u00f6jligt.","breadcrumb":{"@id":"https:\/\/se.gate-away.com\/blog\/#breadcrumb"},"inLanguage":"sv-SE","potentialAction":[{"@type":"ReadAction","target":["https:\/\/se.gate-away.com\/blog\/"]}]},{"@type":"BreadcrumbList","@id":"https:\/\/se.gate-away.com\/blog\/#breadcrumb","itemListElement":[{"@type":"ListItem","position":1,"name":"Hem","item":"https:\/\/se.gate-away.com\/blog\/"},{"@type":"ListItem","position":2,"name":"Home"}]},{"@type":"WebSite","@id":"https:\/\/se.gate-away.com\/blog\/#website","url":"https:\/\/se.gate-away.com\/blog\/","name":"Gate-away.com blogg","description":"Den italienska fastighetsbloggen","potentialAction":[{"@type":"SearchAction","target":{"@type":"EntryPoint","urlTemplate":"https:\/\/se.gate-away.com\/blog\/?s={search_term_string}"},"query-input":{"@type":"PropertyValueSpecification","valueRequired":true,"valueName":"search_term_string"}}],"inLanguage":"sv-SE"}]}},"_links":{"self":[{"href":"https:\/\/se.gate-away.com\/blog\/wp-json\/wp\/v2\/pages\/2","targetHints":{"allow":["GET"]}}],"collection":[{"href":"https:\/\/se.gate-away.com\/blog\/wp-json\/wp\/v2\/pages"}],"about":[{"href":"https:\/\/se.gate-away.com\/blog\/wp-json\/wp\/v2\/types\/page"}],"author":[{"embeddable":true,"href":"https:\/\/se.gate-away.com\/blog\/wp-json\/wp\/v2\/users\/1"}],"replies":[{"embeddable":true,"href":"https:\/\/se.gate-away.com\/blog\/wp-json\/wp\/v2\/comments?post=2"}],"version-history":[{"count":19,"href":"https:\/\/se.gate-away.com\/blog\/wp-json\/wp\/v2\/pages\/2\/revisions"}],"predecessor-version":[{"id":999,"href":"https:\/\/se.gate-away.com\/blog\/wp-json\/wp\/v2\/pages\/2\/revisions\/999"}],"wp:attachment":[{"href":"https:\/\/se.gate-away.com\/blog\/wp-json\/wp\/v2\/media?parent=2"}],"curies":[{"name":"wp","href":"https:\/\/api.w.org\/{rel}","templated":true}]}}